{"id":1896,"date":"2024-12-11T17:14:43","date_gmt":"2024-12-11T17:14:43","guid":{"rendered":"https:\/\/jmpsport.com\/?post_type=product&#038;p=1896"},"modified":"2025-02-12T16:50:23","modified_gmt":"2025-02-12T16:50:23","slug":"sistema-supersoft","status":"publish","type":"product","link":"https:\/\/jmpsport.com\/?product=sistema-supersoft","title":{"rendered":"SISTEMA SUPERSOFT"},"content":{"rendered":"","protected":false},"excerpt":{"rendered":"<div class=\"description\">Pavimento desportivo para T\u00e9nis. Certifica\u00e7\u00e3o ITF, classe 4<\/div>\n<div class=\"text\">\n<ul>\n<li><i><b>Aplica\u00e7\u00e3o sobre asfalto ou bet\u00e3o;<\/b><\/i><\/li>\n<li><i><b>Utliza\u00e7\u00e3o exterior ou interior;<\/b><\/i><\/li>\n<li><i><b>resistente ao fogo, classe1;<\/b><\/i><\/li>\n<li><i><b>\u00f3timo ressalto da bola,<\/b><\/i><\/li>\n<li><i><b>excelente resist\u00eancia \u00e0 abras\u00e3o e intemp\u00e9rie;<\/b><\/i><\/li>\n<li><i><b>Manuten\u00e7\u00e3o reduzida.<\/b><\/i><\/li>\n<\/ul>\n<\/div>\n","protected":false},"featured_media":2104,"comment_status":"open","ping_status":"closed","template":"","meta":[],"product_brand":[],"product_cat":[34,38],"product_tag":[],"class_list":{"0":"post-1896","1":"product","2":"type-product","3":"status-publish","4":"has-post-thumbnail","6":"product_cat-pavimentos","7":"product_cat-resina-acrilica","9":"first","10":"instock","11":"shipping-taxable","12":"product-type-simple"},"_links":{"self":[{"href":"https:\/\/jmpsport.com\/index.php?rest_route=\/wp\/v2\/product\/1896","targetHints":{"allow":["GET"]}}],"collection":[{"href":"https:\/\/jmpsport.com\/index.php?rest_route=\/wp\/v2\/product"}],"about":[{"href":"https:\/\/jmpsport.com\/index.php?rest_route=\/wp\/v2\/types\/product"}],"replies":[{"embeddable":true,"href":"https:\/\/jmpsport.com\/index.php?rest_route=%2Fwp%2Fv2%2Fcomments&post=1896"}],"wp:featuredmedia":[{"embeddable":true,"href":"https:\/\/jmpsport.com\/index.php?rest_route=\/wp\/v2\/media\/2104"}],"wp:attachment":[{"href":"https:\/\/jmpsport.com\/index.php?rest_route=%2Fwp%2Fv2%2Fmedia&parent=1896"}],"wp:term":[{"taxonomy":"product_brand","embeddable":true,"href":"https:\/\/jmpsport.com\/index.php?rest_route=%2Fwp%2Fv2%2Fproduct_brand&post=1896"},{"taxonomy":"product_cat","embeddable":true,"href":"https:\/\/jmpsport.com\/index.php?rest_route=%2Fwp%2Fv2%2Fproduct_cat&post=1896"},{"taxonomy":"product_tag","embeddable":true,"href":"https:\/\/jmpsport.com\/index.php?rest_route=%2Fwp%2Fv2%2Fproduct_tag&post=1896"}],"curies":[{"name":"wp","href":"https:\/\/api.w.org\/{rel}","templated":true}]}}