{"id":1887,"date":"2024-12-11T17:09:38","date_gmt":"2024-12-11T17:09:38","guid":{"rendered":"https:\/\/jmpsport.com\/?post_type=product&#038;p=1887"},"modified":"2025-04-09T14:04:56","modified_gmt":"2025-04-09T14:04:56","slug":"sistema-flexsystem-ii","status":"publish","type":"product","link":"https:\/\/jmpsport.com\/?product=sistema-flexsystem-ii","title":{"rendered":"SISTEMA FLEXSYSTEM II"},"content":{"rendered":"","protected":false},"excerpt":{"rendered":"<div class=\"description\">Pavimento desportivo em madeira para alta competi\u00e7\u00e3o Certificado: Norma EN 14904<\/div>\n<div class=\"text\">\n<ul>\n<li><i><b>madeira maci\u00e7a de 20 mm \u00e0 superf\u00edcie;<\/b><\/i><\/li>\n<li><i><b>sub-estrutura de paine\u00eds de contraplacado WBP cruzados;<\/b><\/i><\/li>\n<li><i><b>amortecedor em borracha natural jmp<\/b><\/i><\/li>\n<\/ul>\n<\/div>\n","protected":false},"featured_media":2095,"comment_status":"open","ping_status":"closed","template":"","meta":[],"product_brand":[],"product_cat":[37,34],"product_tag":[],"class_list":{"0":"post-1887","1":"product","2":"type-product","3":"status-publish","4":"has-post-thumbnail","6":"product_cat-madeira","7":"product_cat-pavimentos","9":"first","10":"instock","11":"shipping-taxable","12":"product-type-simple"},"_links":{"self":[{"href":"https:\/\/jmpsport.com\/index.php?rest_route=\/wp\/v2\/product\/1887","targetHints":{"allow":["GET"]}}],"collection":[{"href":"https:\/\/jmpsport.com\/index.php?rest_route=\/wp\/v2\/product"}],"about":[{"href":"https:\/\/jmpsport.com\/index.php?rest_route=\/wp\/v2\/types\/product"}],"replies":[{"embeddable":true,"href":"https:\/\/jmpsport.com\/index.php?rest_route=%2Fwp%2Fv2%2Fcomments&post=1887"}],"wp:featuredmedia":[{"embeddable":true,"href":"https:\/\/jmpsport.com\/index.php?rest_route=\/wp\/v2\/media\/2095"}],"wp:attachment":[{"href":"https:\/\/jmpsport.com\/index.php?rest_route=%2Fwp%2Fv2%2Fmedia&parent=1887"}],"wp:term":[{"taxonomy":"product_brand","embeddable":true,"href":"https:\/\/jmpsport.com\/index.php?rest_route=%2Fwp%2Fv2%2Fproduct_brand&post=1887"},{"taxonomy":"product_cat","embeddable":true,"href":"https:\/\/jmpsport.com\/index.php?rest_route=%2Fwp%2Fv2%2Fproduct_cat&post=1887"},{"taxonomy":"product_tag","embeddable":true,"href":"https:\/\/jmpsport.com\/index.php?rest_route=%2Fwp%2Fv2%2Fproduct_tag&post=1887"}],"curies":[{"name":"wp","href":"https:\/\/api.w.org\/{rel}","templated":true}]}}