{"id":1938,"date":"2024-12-12T10:32:22","date_gmt":"2024-12-12T10:32:22","guid":{"rendered":"https:\/\/jmpsport.com\/?page_id=1938"},"modified":"2024-12-12T12:10:46","modified_gmt":"2024-12-12T12:10:46","slug":"servicos","status":"publish","type":"page","link":"https:\/\/jmpsport.com\/?page_id=1938","title":{"rendered":"Servi\u00e7os"},"content":{"rendered":"\t\t<div data-elementor-type=\"wp-page\" data-elementor-id=\"1938\" class=\"elementor elementor-1938\" data-elementor-settings=\"{&quot;ha_cmc_init_switcher&quot;:&quot;no&quot;}\" data-elementor-post-type=\"page\">\n\t\t\t\t<div class=\"elementor-element elementor-element-c331375 e-flex e-con-boxed e-con e-parent\" data-id=\"c331375\" data-element_type=\"container\" data-settings=\"{&quot;background_background&quot;:&quot;classic&quot;,&quot;jet_parallax_layout_list&quot;:[],&quot;_ha_eqh_enable&quot;:false}\">\n\t\t\t\t\t<div class=\"e-con-inner\">\n\t\t<div class=\"elementor-element elementor-element-a8bdfe2 e-con-full e-flex e-con e-child\" data-id=\"a8bdfe2\" data-element_type=\"container\" data-settings=\"{&quot;jet_parallax_layout_list&quot;:[],&quot;_ha_eqh_enable&quot;:false}\">\n\t\t<div class=\"elementor-element elementor-element-c6bcbb5 e-con-full e-flex e-con e-child\" data-id=\"c6bcbb5\" data-element_type=\"container\" data-settings=\"{&quot;jet_parallax_layout_list&quot;:[],&quot;_ha_eqh_enable&quot;:false}\">\n\t\t<div class=\"elementor-element elementor-element-50cb247 e-con-full e-flex e-con e-child\" data-id=\"50cb247\" data-element_type=\"container\" data-settings=\"{&quot;jet_parallax_layout_list&quot;:[],&quot;_ha_eqh_enable&quot;:false}\">\n\t\t\t\t<\/div>\n\t\t\t\t<\/div>\n\t\t\t\t<\/div>\n\t\t\t\t\t<\/div>\n\t\t\t\t<\/div>\n\t\t\t\t<section class=\"elementor-section elementor-top-section elementor-element elementor-element-3684f9a6 elementor-section-boxed elementor-section-height-default elementor-section-height-default\" data-id=\"3684f9a6\" data-element_type=\"section\" data-settings=\"{&quot;jet_parallax_layout_list&quot;:[],&quot;_ha_eqh_enable&quot;:false}\">\n\t\t\t\t\t\t<div class=\"elementor-container elementor-column-gap-no\">\n\t\t\t\t\t<div class=\"elementor-column elementor-col-50 elementor-top-column elementor-element elementor-element-457efaca\" data-id=\"457efaca\" data-element_type=\"column\">\n\t\t\t<div class=\"elementor-widget-wrap elementor-element-populated\">\n\t\t\t\t\t\t<div class=\"elementor-element elementor-element-1707157f elementor-invisible elementor-widget elementor-widget-image\" data-id=\"1707157f\" data-element_type=\"widget\" data-settings=\"{&quot;_animation&quot;:&quot;fadeInUp&quot;}\" data-widget_type=\"image.default\">\n\t\t\t\t<div class=\"elementor-widget-container\">\n\t\t\t\t\t\t\t\t\t\t\t\t\t\t\t<img decoding=\"async\" src=\"https:\/\/jmpsport.com\/wp-content\/uploads\/2024\/12\/consultoria-home.gif\" title=\"consultoria-home\" alt=\"consultoria-home\" loading=\"lazy\" \/>\t\t\t\t\t\t\t\t\t\t\t\t\t\t\t<\/div>\n\t\t\t\t<\/div>\n\t\t\t\t\t<\/div>\n\t\t<\/div>\n\t\t\t\t<div class=\"elementor-column elementor-col-50 elementor-top-column elementor-element elementor-element-669a4b37\" data-id=\"669a4b37\" data-element_type=\"column\">\n\t\t\t<div class=\"elementor-widget-wrap elementor-element-populated\">\n\t\t\t\t\t\t<div class=\"elementor-element elementor-element-717fdb0 elementor-invisible elementor-widget elementor-widget-heading\" data-id=\"717fdb0\" data-element_type=\"widget\" data-settings=\"{&quot;_animation&quot;:&quot;fadeInDown&quot;}\" data-widget_type=\"heading.default\">\n\t\t\t\t<div class=\"elementor-widget-container\">\n\t\t\t\t\t<h6 class=\"elementor-heading-title elementor-size-default\">Acessoria e apoio t\u00e9cnico<\/h6>\t\t\t\t<\/div>\n\t\t\t\t<\/div>\n\t\t\t\t<div class=\"elementor-element elementor-element-54dbb525 elementor-invisible elementor-widget elementor-widget-heading\" data-id=\"54dbb525\" data-element_type=\"widget\" data-settings=\"{&quot;_animation&quot;:&quot;fadeInUp&quot;}\" data-widget_type=\"heading.default\">\n\t\t\t\t<div class=\"elementor-widget-container\">\n\t\t\t\t\t<h2 class=\"elementor-heading-title elementor-size-default\">CONSULTADORIA<\/h2>\t\t\t\t<\/div>\n\t\t\t\t<\/div>\n\t\t\t\t<div class=\"elementor-element elementor-element-49701457 elementor-invisible elementor-widget elementor-widget-text-editor\" data-id=\"49701457\" data-element_type=\"widget\" data-settings=\"{&quot;_animation&quot;:&quot;fadeInUp&quot;}\" data-widget_type=\"text-editor.default\">\n\t\t\t\t<div class=\"elementor-widget-container\">\n\t\t\t\t\t\t\t\t\t<p>As nossas equipas t\u00eam a forma\u00e7\u00e3o, conhecimento e a experi\u00eancia no terreno para dar todo o apoio necess\u00e1rio ao desenvolvimento de projetos.<br \/>Contamos com uma equipa qualificada e especializada para todo o apoio t\u00e9cnico a:<br \/><b>&#8211; Gabinetes de Arquitetura;<br \/>&#8211; Gabinetes de Engenharia;<br \/>&#8211; Empresas de Constru\u00e7\u00e3o Civil;<br \/>&#8211; C\u00e2maras Municipais;<\/b><\/p>\t\t\t\t\t\t\t\t<\/div>\n\t\t\t\t<\/div>\n\t\t\t\t\t<\/div>\n\t\t<\/div>\n\t\t\t\t\t<\/div>\n\t\t<\/section>\n\t\t\t\t<section class=\"elementor-section elementor-top-section elementor-element elementor-element-4ab6a46 elementor-section-boxed elementor-section-height-default elementor-section-height-default\" data-id=\"4ab6a46\" data-element_type=\"section\" data-settings=\"{&quot;jet_parallax_layout_list&quot;:[],&quot;_ha_eqh_enable&quot;:false}\">\n\t\t\t\t\t\t<div class=\"elementor-container elementor-column-gap-no\">\n\t\t\t\t\t<div class=\"elementor-column elementor-col-50 elementor-top-column elementor-element elementor-element-7884233\" data-id=\"7884233\" data-element_type=\"column\">\n\t\t\t<div class=\"elementor-widget-wrap elementor-element-populated\">\n\t\t\t\t\t\t<div class=\"elementor-element elementor-element-8951837 elementor-invisible elementor-widget elementor-widget-image\" data-id=\"8951837\" data-element_type=\"widget\" data-settings=\"{&quot;_animation&quot;:&quot;fadeInUp&quot;}\" data-widget_type=\"image.default\">\n\t\t\t\t<div class=\"elementor-widget-container\">\n\t\t\t\t\t\t\t\t\t\t\t\t\t\t\t<img fetchpriority=\"high\" decoding=\"async\" width=\"470\" height=\"312\" src=\"https:\/\/jmpsport.com\/wp-content\/uploads\/2024\/12\/05bf0057-01fc-4f5f-88e9-6b0fe1ddf92d-1.jpeg\" class=\"attachment-full size-full wp-image-1959\" alt=\"\" srcset=\"https:\/\/jmpsport.com\/wp-content\/uploads\/2024\/12\/05bf0057-01fc-4f5f-88e9-6b0fe1ddf92d-1.jpeg 470w, https:\/\/jmpsport.com\/wp-content\/uploads\/2024\/12\/05bf0057-01fc-4f5f-88e9-6b0fe1ddf92d-1-300x199.jpeg 300w\" sizes=\"(max-width: 470px) 100vw, 470px\" \/>\t\t\t\t\t\t\t\t\t\t\t\t\t\t\t<\/div>\n\t\t\t\t<\/div>\n\t\t\t\t\t<\/div>\n\t\t<\/div>\n\t\t\t\t<div class=\"elementor-column elementor-col-50 elementor-top-column elementor-element elementor-element-a273c0a\" data-id=\"a273c0a\" data-element_type=\"column\">\n\t\t\t<div class=\"elementor-widget-wrap elementor-element-populated\">\n\t\t\t\t\t\t<div class=\"elementor-element elementor-element-928a717 elementor-invisible elementor-widget elementor-widget-heading\" data-id=\"928a717\" data-element_type=\"widget\" data-settings=\"{&quot;_animation&quot;:&quot;fadeInDown&quot;}\" data-widget_type=\"heading.default\">\n\t\t\t\t<div class=\"elementor-widget-container\">\n\t\t\t\t\t<h6 class=\"elementor-heading-title elementor-size-default\">Solu\u00e7\u00f5es chave na m\u00e3o!<\/h6>\t\t\t\t<\/div>\n\t\t\t\t<\/div>\n\t\t\t\t<div class=\"elementor-element elementor-element-f23a3b8 elementor-invisible elementor-widget elementor-widget-heading\" data-id=\"f23a3b8\" data-element_type=\"widget\" data-settings=\"{&quot;_animation&quot;:&quot;fadeInUp&quot;}\" data-widget_type=\"heading.default\">\n\t\t\t\t<div class=\"elementor-widget-container\">\n\t\t\t\t\t<h2 class=\"elementor-heading-title elementor-size-default\">INSTALA\u00c7\u00c3O DE PAVIMENTOS DESPORTIVOS<\/h2>\t\t\t\t<\/div>\n\t\t\t\t<\/div>\n\t\t\t\t<div class=\"elementor-element elementor-element-540fac6 elementor-invisible elementor-widget elementor-widget-text-editor\" data-id=\"540fac6\" data-element_type=\"widget\" data-settings=\"{&quot;_animation&quot;:&quot;fadeInUp&quot;}\" data-widget_type=\"text-editor.default\">\n\t\t\t\t<div class=\"elementor-widget-container\">\n\t\t\t\t\t\t\t\t\t<p>Muitas vezes os nossos\u00a0<b>projetos englobam diversas \u00e1reas e produtos<\/b>.<br \/>Aqui tentamos mostrar-lhe projetos em que isso acontece e como o podemos ajudar.<br \/>A nossa aposta e preocupa\u00e7\u00e3o com o cliente fez-nos crescer ponderando sempre as mais valias que podemos oferecer para quem chega at\u00e9 n\u00f3s.<\/p><p>\u00a0<\/p>\t\t\t\t\t\t\t\t<\/div>\n\t\t\t\t<\/div>\n\t\t<div class=\"elementor-element elementor-element-5fe478e e-flex e-con-boxed e-con e-parent\" data-id=\"5fe478e\" data-element_type=\"container\" data-settings=\"{&quot;jet_parallax_layout_list&quot;:[],&quot;_ha_eqh_enable&quot;:false}\">\n\t\t\t\t\t<div class=\"e-con-inner\">\n\t\t\t\t<div class=\"elementor-element elementor-element-cd62f67 elementor-widget__width-initial elementor-invisible elementor-widget elementor-widget-text-editor\" data-id=\"cd62f67\" data-element_type=\"widget\" data-settings=\"{&quot;_animation&quot;:&quot;fadeInUp&quot;}\" data-widget_type=\"text-editor.default\">\n\t\t\t\t<div class=\"elementor-widget-container\">\n\t\t\t\t\t\t\t\t\t<ul><li><strong>Bancadas e cadeiras;<\/strong><\/li><li><strong>Redes e cortinas;<\/strong><\/li><li><strong>Marcadores electr\u00f3nicos;<\/strong><\/li><li><strong>Balne\u00e1rios e enfermarias;<\/strong><\/li><li><strong>Cacifos;<\/strong><\/li><\/ul>\t\t\t\t\t\t\t\t<\/div>\n\t\t\t\t<\/div>\n\t\t\t\t<div class=\"elementor-element elementor-element-f053ba3 elementor-widget__width-initial elementor-invisible elementor-widget elementor-widget-text-editor\" data-id=\"f053ba3\" data-element_type=\"widget\" data-settings=\"{&quot;_animation&quot;:&quot;fadeInUp&quot;}\" data-widget_type=\"text-editor.default\">\n\t\t\t\t<div class=\"elementor-widget-container\">\n\t\t\t\t\t\t\t\t\t<ul><li><strong>\u00a0Parques Desportivos;<\/strong><\/li><li><strong>Parques infantis;<\/strong><\/li><li><strong>PoliDesportivos;<\/strong><\/li><li><strong>Pavilh\u00f5es Desportivos;<\/strong><\/li><\/ul>\t\t\t\t\t\t\t\t<\/div>\n\t\t\t\t<\/div>\n\t\t\t\t\t<\/div>\n\t\t\t\t<\/div>\n\t\t\t\t\t<\/div>\n\t\t<\/div>\n\t\t\t\t\t<\/div>\n\t\t<\/section>\n\t\t\t\t<section class=\"elementor-section elementor-top-section elementor-element elementor-element-cd32cb2 elementor-section-boxed elementor-section-height-default elementor-section-height-default\" data-id=\"cd32cb2\" data-element_type=\"section\" data-settings=\"{&quot;jet_parallax_layout_list&quot;:[],&quot;_ha_eqh_enable&quot;:false}\">\n\t\t\t\t\t\t<div class=\"elementor-container elementor-column-gap-no\">\n\t\t\t\t\t<div class=\"elementor-column elementor-col-50 elementor-top-column elementor-element elementor-element-361cabe\" data-id=\"361cabe\" data-element_type=\"column\">\n\t\t\t<div class=\"elementor-widget-wrap elementor-element-populated\">\n\t\t\t\t\t\t<div class=\"elementor-element elementor-element-acf494a elementor-invisible elementor-widget elementor-widget-image\" data-id=\"acf494a\" data-element_type=\"widget\" data-settings=\"{&quot;_animation&quot;:&quot;fadeInUp&quot;}\" data-widget_type=\"image.default\">\n\t\t\t\t<div class=\"elementor-widget-container\">\n\t\t\t\t\t\t\t\t\t\t\t\t\t\t\t<img decoding=\"async\" src=\"https:\/\/jmpsport.com\/wp-content\/uploads\/2024\/12\/pavimentos-home.jpg\" title=\"pavimentos-home\" alt=\"pavimentos-home\" loading=\"lazy\" \/>\t\t\t\t\t\t\t\t\t\t\t\t\t\t\t<\/div>\n\t\t\t\t<\/div>\n\t\t\t\t\t<\/div>\n\t\t<\/div>\n\t\t\t\t<div class=\"elementor-column elementor-col-50 elementor-top-column elementor-element elementor-element-676563f\" data-id=\"676563f\" data-element_type=\"column\">\n\t\t\t<div class=\"elementor-widget-wrap elementor-element-populated\">\n\t\t\t\t\t\t<div class=\"elementor-element elementor-element-0c1b878 elementor-invisible elementor-widget elementor-widget-heading\" data-id=\"0c1b878\" data-element_type=\"widget\" data-settings=\"{&quot;_animation&quot;:&quot;fadeInDown&quot;}\" data-widget_type=\"heading.default\">\n\t\t\t\t<div class=\"elementor-widget-container\">\n\t\t\t\t\t<h6 class=\"elementor-heading-title elementor-size-default\">\nDiferentes tipos de pavimentos para todas as op\u00e7\u00f5es<\/h6>\t\t\t\t<\/div>\n\t\t\t\t<\/div>\n\t\t\t\t<div class=\"elementor-element elementor-element-8b67d7c elementor-invisible elementor-widget elementor-widget-heading\" data-id=\"8b67d7c\" data-element_type=\"widget\" data-settings=\"{&quot;_animation&quot;:&quot;fadeInUp&quot;}\" data-widget_type=\"heading.default\">\n\t\t\t\t<div class=\"elementor-widget-container\">\n\t\t\t\t\t<h2 class=\"elementor-heading-title elementor-size-default\">RECUPERA\u00c7\u00c3O PAVIMENTOS E INSTALA\u00c7\u00d5ES DESPORTIVAS<\/h2>\t\t\t\t<\/div>\n\t\t\t\t<\/div>\n\t\t\t\t<div class=\"elementor-element elementor-element-ed3fced elementor-invisible elementor-widget elementor-widget-text-editor\" data-id=\"ed3fced\" data-element_type=\"widget\" data-settings=\"{&quot;_animation&quot;:&quot;fadeInUp&quot;}\" data-widget_type=\"text-editor.default\">\n\t\t\t\t<div class=\"elementor-widget-container\">\n\t\t\t\t\t\t\t\t\t<p>A\u00a0<b>JMP Sport<\/b>\u00a0tem uma vasta gama de pavimentos desportivos para dar resposta \u00e0s m\u00faltiplas vertentes necess\u00e1rias no Desporto.<br \/>Ret\u00e9m a\u00a0<b>patente certificada JMP Flexsystem<\/b>\u00a0especialmente para pavimentos de madeira, mas tamb\u00e9m tem solu\u00e7\u00f5es em\u00a0<b>ponto el\u00e1stico\/borracha, resina acr\u00edlica, pvc modular e Pavigym<\/b>.<br \/><br \/><\/p>\t\t\t\t\t\t\t\t<\/div>\n\t\t\t\t<\/div>\n\t\t\t\t\t<\/div>\n\t\t<\/div>\n\t\t\t\t\t<\/div>\n\t\t<\/section>\n\t\t\t\t<\/div>\n\t\t","protected":false},"excerpt":{"rendered":"<p>Acessoria e apoio t\u00e9cnico CONSULTADORIA As nossas equipas t\u00eam a forma\u00e7\u00e3o, conhecimento e a experi\u00eancia no terreno para dar todo o apoio necess\u00e1rio ao desenvolvimento de projetos.Contamos com uma equipa qualificada e especializada para todo o apoio t\u00e9cnico a:&#8211; Gabinetes de Arquitetura;&#8211; Gabinetes de Engenharia;&#8211; Empresas de Constru\u00e7\u00e3o Civil;&#8211; C\u00e2maras Municipais; Solu\u00e7\u00f5es chave na m\u00e3o! [&hellip;]<\/p>\n","protected":false},"author":1,"featured_media":0,"parent":0,"menu_order":0,"comment_status":"closed","ping_status":"closed","template":"elementor_header_footer","meta":{"footnotes":""},"class_list":["post-1938","page","type-page","status-publish","hentry"],"blocksy_meta":[],"_links":{"self":[{"href":"https:\/\/jmpsport.com\/index.php?rest_route=\/wp\/v2\/pages\/1938","targetHints":{"allow":["GET"]}}],"collection":[{"href":"https:\/\/jmpsport.com\/index.php?rest_route=\/wp\/v2\/pages"}],"about":[{"href":"https:\/\/jmpsport.com\/index.php?rest_route=\/wp\/v2\/types\/page"}],"author":[{"embeddable":true,"href":"https:\/\/jmpsport.com\/index.php?rest_route=\/wp\/v2\/users\/1"}],"replies":[{"embeddable":true,"href":"https:\/\/jmpsport.com\/index.php?rest_route=%2Fwp%2Fv2%2Fcomments&post=1938"}],"version-history":[{"count":7,"href":"https:\/\/jmpsport.com\/index.php?rest_route=\/wp\/v2\/pages\/1938\/revisions"}],"predecessor-version":[{"id":1963,"href":"https:\/\/jmpsport.com\/index.php?rest_route=\/wp\/v2\/pages\/1938\/revisions\/1963"}],"wp:attachment":[{"href":"https:\/\/jmpsport.com\/index.php?rest_route=%2Fwp%2Fv2%2Fmedia&parent=1938"}],"curies":[{"name":"wp","href":"https:\/\/api.w.org\/{rel}","templated":true}]}}